{"id":357,"date":"2021-02-02T00:22:58","date_gmt":"2021-02-02T00:22:58","guid":{"rendered":"https:\/\/my-barcelona-guide.com\/?page_id=357"},"modified":"2025-09-02T12:52:58","modified_gmt":"2025-09-02T12:52:58","slug":"357-2","status":"publish","type":"page","link":"https:\/\/my-barcelona-guide.com\/es","title":{"rendered":"Gu\u00eda de Barcelona"},"content":{"rendered":"\n<h2 class=\"wp-block-heading\">Natalia Usacheva<\/h2>\n\n\n\n<div class=\"wp-block-image\"><figure class=\"alignleft size-large\"><img loading=\"lazy\" decoding=\"async\" width=\"567\" height=\"379\" src=\"http:\/\/my-barcelona-guide.com\/wp-content\/uploads\/2021\/01\/Natalia-Usacheva-01.jpg\" alt=\"\" class=\"wp-image-282\" srcset=\"https:\/\/my-barcelona-guide.com\/wp-content\/uploads\/2021\/01\/Natalia-Usacheva-01.jpg 567w, https:\/\/my-barcelona-guide.com\/wp-content\/uploads\/2021\/01\/Natalia-Usacheva-01-300x201.jpg 300w\" sizes=\"auto, (max-width: 567px) 100vw, 567px\" \/><\/figure><\/div>\n\n\n\n<p>\u00bfQuiere visitar Barcelona y conocer Catalu\u00f1a, una de m\u00e1s bonitas e interesantes regiones de Espa\u00f1a? Necesita el servicio de un gu\u00eda profesional de Barcelona y Catalu\u00f1a o necesita el servicio de un int\u00e9rprete?<\/p>\n\n\n\n<p>Ser\u00e1 un placer para mi ense\u00f1arle la magnifica ciudad de <a href=\"https:\/\/my-barcelona-guide.com\/es\/barcelona\" title=\"Las excursiones - Barcelona\">Barcelona<\/a>, sus curiosidades, su cultura, sus tradiciones y sus secretos.<\/p>\n\n\n\n<p>Tambi\u00e9n hago visitas a Montserrat, Girona, Tarragona, al museo de Salvador Dal\u00ed en Figueras, P\u00fabol, Portlligat, Cadaqu\u00e9s, la Costa Brava.<\/p>\n\n\n\n<p>Organizo visitas a las mejores empresas productoras de vino y a las bodegas de Catalu\u00f1a, tambi\u00e9n propongo rutas gastron\u00f3micas.<\/p>\n\n\n\n<p>Me gusta mucho la arquitectura, el arte, la historia. <a href=\"https:\/\/es.wikipedia.org\/wiki\/Catalu%C3%B1a\">Catalu\u00f1a<\/a> es la historia de las civilizaciones, reflejada en los esplendidos monumentos, en las obras del arte, en las tradiciones y costumbres de la gente de aqu\u00ed. Hay tantas fiestas ins\u00f3litas, representaciones teatrales, festivales y todo tipo de concursos! Viviendo aqu\u00ed no me canso de admirar los paisajes maravillosos que son un encuentro alegre, lleno del sol, entre las monta\u00f1as y el mar, entre el color esmeralda de las pinedas y el azul del mar!<\/p>\n\n\n\n<p>Solicitando mis servicios de gu\u00eda de Barcelona y Catalu\u00f1a, har\u00e9 todo lo posible para que la visita sea interesante para Usted. Organizar una excursi\u00f3n interesante, elaborar un programa individual tambi\u00e9n es el arte!<\/p>\n\n\n\n<p>Tengo mucho experiencia trabajando de gu\u00eda en Barcelona (tambi\u00e9n en otras ciudades). Como gu\u00eda oficial licenciada colaboro con muchas agencias receptivas de Barcelona y de Espa\u00f1a. Hago las excursiones individuales en ruso, franc\u00e9s, castellano. Elaboro excursiones y programas seg\u00fan las peticiones.<\/p>\n","protected":false},"excerpt":{"rendered":"<p>Natalia Usacheva \u00bfQuiere visitar Barcelona y conocer Catalu\u00f1a, una de m\u00e1s bonitas e interesantes regiones de Espa\u00f1a? Necesita el servicio de un gu\u00eda profesional de Barcelona y Catalu\u00f1a o necesita &#8230;<\/p>\n","protected":false},"author":2,"featured_media":282,"parent":0,"menu_order":0,"comment_status":"closed","ping_status":"closed","template":"template-fullwidth.php","meta":{"footnotes":""},"class_list":["post-357","page","type-page","status-publish","has-post-thumbnail","hentry"],"aioseo_notices":[],"featured_image_urls_v2":{"full":["https:\/\/my-barcelona-guide.com\/wp-content\/uploads\/2021\/01\/Natalia-Usacheva-01.jpg",567,379,false],"thumbnail":["https:\/\/my-barcelona-guide.com\/wp-content\/uploads\/2021\/01\/Natalia-Usacheva-01-150x150.jpg",150,150,true],"medium":["https:\/\/my-barcelona-guide.com\/wp-content\/uploads\/2021\/01\/Natalia-Usacheva-01-300x201.jpg",300,201,true],"medium_large":["https:\/\/my-barcelona-guide.com\/wp-content\/uploads\/2021\/01\/Natalia-Usacheva-01.jpg",567,379,false],"large":["https:\/\/my-barcelona-guide.com\/wp-content\/uploads\/2021\/01\/Natalia-Usacheva-01.jpg",567,379,false],"gs-tiny":["https:\/\/my-barcelona-guide.com\/wp-content\/uploads\/2021\/01\/Natalia-Usacheva-01.jpg",50,33,false],"xl":["https:\/\/my-barcelona-guide.com\/wp-content\/uploads\/2021\/01\/Natalia-Usacheva-01.jpg",567,379,false],"xxl":["https:\/\/my-barcelona-guide.com\/wp-content\/uploads\/2021\/01\/Natalia-Usacheva-01.jpg",567,379,false],"xxxl":["https:\/\/my-barcelona-guide.com\/wp-content\/uploads\/2021\/01\/Natalia-Usacheva-01.jpg",567,379,false],"xxxxl":["https:\/\/my-barcelona-guide.com\/wp-content\/uploads\/2021\/01\/Natalia-Usacheva-01.jpg",567,379,false],"xxxxxl":["https:\/\/my-barcelona-guide.com\/wp-content\/uploads\/2021\/01\/Natalia-Usacheva-01.jpg",567,379,false],"1536x1536":["https:\/\/my-barcelona-guide.com\/wp-content\/uploads\/2021\/01\/Natalia-Usacheva-01.jpg",567,379,false],"2048x2048":["https:\/\/my-barcelona-guide.com\/wp-content\/uploads\/2021\/01\/Natalia-Usacheva-01.jpg",567,379,false],"onepress-blog-small":["https:\/\/my-barcelona-guide.com\/wp-content\/uploads\/2021\/01\/Natalia-Usacheva-01-300x150.jpg",300,150,true],"onepress-small":["https:\/\/my-barcelona-guide.com\/wp-content\/uploads\/2021\/01\/Natalia-Usacheva-01-480x300.jpg",480,300,true],"onepress-medium":["https:\/\/my-barcelona-guide.com\/wp-content\/uploads\/2021\/01\/Natalia-Usacheva-01.jpg",567,379,false]},"post_excerpt_stackable_v2":"<p>Natalia Usacheva \u00bfQuiere visitar Barcelona y conocer Catalu\u00f1a, una de m\u00e1s bonitas e interesantes regiones de Espa\u00f1a? Necesita el servicio de un gu\u00eda profesional de Barcelona y Catalu\u00f1a o necesita el servicio de un int\u00e9rprete? Ser\u00e1 un placer para mi ense\u00f1arle la magnifica ciudad de Barcelona, sus curiosidades, su cultura, sus tradiciones y sus secretos. Tambi\u00e9n hago visitas a Montserrat, Girona, Tarragona, al museo de Salvador Dal\u00ed en Figueras, P\u00fabol, Portlligat, Cadaqu\u00e9s, la Costa Brava. Organizo visitas a las mejores empresas productoras de vino y a las bodegas de Catalu\u00f1a, tambi\u00e9n propongo rutas gastron\u00f3micas. Me gusta mucho la arquitectura, el&hellip;<\/p>\n","category_list_v2":"","author_info_v2":{"name":"Natalia Usacheva","url":"https:\/\/my-barcelona-guide.com\/es\/author\/natalia-usacheva"},"comments_num_v2":"0 comentarios","_links":{"self":[{"href":"https:\/\/my-barcelona-guide.com\/es\/wp-json\/wp\/v2\/pages\/357","targetHints":{"allow":["GET"]}}],"collection":[{"href":"https:\/\/my-barcelona-guide.com\/es\/wp-json\/wp\/v2\/pages"}],"about":[{"href":"https:\/\/my-barcelona-guide.com\/es\/wp-json\/wp\/v2\/types\/page"}],"author":[{"embeddable":true,"href":"https:\/\/my-barcelona-guide.com\/es\/wp-json\/wp\/v2\/users\/2"}],"replies":[{"embeddable":true,"href":"https:\/\/my-barcelona-guide.com\/es\/wp-json\/wp\/v2\/comments?post=357"}],"version-history":[{"count":1,"href":"https:\/\/my-barcelona-guide.com\/es\/wp-json\/wp\/v2\/pages\/357\/revisions"}],"predecessor-version":[{"id":1635,"href":"https:\/\/my-barcelona-guide.com\/es\/wp-json\/wp\/v2\/pages\/357\/revisions\/1635"}],"wp:featuredmedia":[{"embeddable":true,"href":"https:\/\/my-barcelona-guide.com\/es\/wp-json\/wp\/v2\/media\/282"}],"wp:attachment":[{"href":"https:\/\/my-barcelona-guide.com\/es\/wp-json\/wp\/v2\/media?parent=357"}],"curies":[{"name":"wp","href":"https:\/\/api.w.org\/{rel}","templated":true}]}}