{"id":361,"date":"2021-02-02T00:26:16","date_gmt":"2021-02-02T00:26:16","guid":{"rendered":"https:\/\/my-barcelona-guide.com\/?page_id=361"},"modified":"2025-09-02T12:53:14","modified_gmt":"2025-09-02T12:53:14","slug":"segun-vuestro-deseo","status":"publish","type":"page","link":"https:\/\/my-barcelona-guide.com\/es\/segun-vuestro-deseo","title":{"rendered":"Seg\u00fan vuestro deseo"},"content":{"rendered":"\n<h1 class=\"wp-block-heading\">Seg\u00fan vuestro deseo<\/h1>\n\n\n\n<h3 class=\"wp-block-heading\">Viajes a la carta seg\u00fan vuestra elecci\u00f3n &#8211; algunas proposiciones :<\/h3>\n\n\n\n<p>Las rutas de las excursiones hechas seg\u00fan vuestra petici\u00f3n.<br>Viajes ins\u00f3litos : vuelo en globo,salida en yate, vuelo en helic\u00f3ptero.<br>Excursiones al sur de Francia, Perpignan, Collioure, Narbonne, Carcassonne, viveros de ostras.<br>Turismo de medicina. Organizaci\u00f3n de las consultas , las revisiones m\u00e9dicas en los mejores centros m\u00e9dicos de <a href=\"https:\/\/my-barcelona-guide.com\/es\" title=\"Natalia Usacheva\">Barcelona<\/a> , en centros de belleza y de est\u00e9tica, en balnearios.<br>Acompa\u00f1amiento y servicios de gu\u00eda-int\u00e9rprete en los encuentros de negocio.<br>Consultas y ayuda en la compra de vivienda en Espa\u00f1a.<br>Espera en el aeropuerto, acompa\u00f1amiento en el aeropuerto.<\/p>\n\n\n\n<div class=\"wp-block-image\"><figure class=\"aligncenter size-large\"><img loading=\"lazy\" decoding=\"async\" width=\"1024\" height=\"768\" src=\"http:\/\/my-barcelona-guide.com\/wp-content\/uploads\/2021\/01\/a-la-carte-1024x768.jpg\" alt=\"\u0412\u044b\u0445\u043e\u0434 \u043d\u0430 \u044f\u0445\u0442\u0430\u0445 \u043f\u043e \u0432\u0430\u0448\u0435\u043c\u0443 \u0436\u0435\u043b\u0430\u043d\u0438\u044e\" class=\"wp-image-128\" srcset=\"https:\/\/my-barcelona-guide.com\/wp-content\/uploads\/2021\/01\/a-la-carte-1024x768.jpg 1024w, https:\/\/my-barcelona-guide.com\/wp-content\/uploads\/2021\/01\/a-la-carte-300x225.jpg 300w, https:\/\/my-barcelona-guide.com\/wp-content\/uploads\/2021\/01\/a-la-carte-768x576.jpg 768w, https:\/\/my-barcelona-guide.com\/wp-content\/uploads\/2021\/01\/a-la-carte-1536x1152.jpg 1536w, https:\/\/my-barcelona-guide.com\/wp-content\/uploads\/2021\/01\/a-la-carte-2048x1536.jpg 2048w\" sizes=\"auto, (max-width: 1024px) 100vw, 1024px\" \/><\/figure><\/div>\n","protected":false},"excerpt":{"rendered":"<p>Seg\u00fan vuestro deseo Viajes a la carta seg\u00fan vuestra elecci\u00f3n &#8211; algunas proposiciones : Las rutas de las excursiones hechas seg\u00fan vuestra petici\u00f3n.Viajes ins\u00f3litos : vuelo en globo,salida en yate, &#8230;<\/p>\n","protected":false},"author":2,"featured_media":0,"parent":0,"menu_order":0,"comment_status":"closed","ping_status":"closed","template":"","meta":{"footnotes":""},"class_list":["post-361","page","type-page","status-publish","hentry"],"aioseo_notices":[],"featured_image_urls_v2":{"full":"","thumbnail":"","medium":"","medium_large":"","large":"","gs-tiny":"","xl":"","xxl":"","xxxl":"","xxxxl":"","xxxxxl":"","1536x1536":"","2048x2048":"","onepress-blog-small":"","onepress-small":"","onepress-medium":""},"post_excerpt_stackable_v2":"<p>Seg\u00fan vuestro deseo Viajes a la carta seg\u00fan vuestra elecci\u00f3n &#8211; algunas proposiciones : Las rutas de las excursiones hechas seg\u00fan vuestra petici\u00f3n.Viajes ins\u00f3litos : vuelo en globo,salida en yate, vuelo en helic\u00f3ptero.Excursiones al sur de Francia, Perpignan, Collioure, Narbonne, Carcassonne, viveros de ostras.Turismo de medicina. Organizaci\u00f3n de las consultas , las revisiones m\u00e9dicas en los mejores centros m\u00e9dicos de Barcelona , en centros de belleza y de est\u00e9tica, en balnearios.Acompa\u00f1amiento y servicios de gu\u00eda-int\u00e9rprete en los encuentros de negocio.Consultas y ayuda en la compra de vivienda en Espa\u00f1a.Espera en el aeropuerto, acompa\u00f1amiento en el aeropuerto.<\/p>\n","category_list_v2":"","author_info_v2":{"name":"Natalia Usacheva","url":"https:\/\/my-barcelona-guide.com\/es\/author\/natalia-usacheva"},"comments_num_v2":"0 comentarios","_links":{"self":[{"href":"https:\/\/my-barcelona-guide.com\/es\/wp-json\/wp\/v2\/pages\/361","targetHints":{"allow":["GET"]}}],"collection":[{"href":"https:\/\/my-barcelona-guide.com\/es\/wp-json\/wp\/v2\/pages"}],"about":[{"href":"https:\/\/my-barcelona-guide.com\/es\/wp-json\/wp\/v2\/types\/page"}],"author":[{"embeddable":true,"href":"https:\/\/my-barcelona-guide.com\/es\/wp-json\/wp\/v2\/users\/2"}],"replies":[{"embeddable":true,"href":"https:\/\/my-barcelona-guide.com\/es\/wp-json\/wp\/v2\/comments?post=361"}],"version-history":[{"count":1,"href":"https:\/\/my-barcelona-guide.com\/es\/wp-json\/wp\/v2\/pages\/361\/revisions"}],"predecessor-version":[{"id":769,"href":"https:\/\/my-barcelona-guide.com\/es\/wp-json\/wp\/v2\/pages\/361\/revisions\/769"}],"wp:attachment":[{"href":"https:\/\/my-barcelona-guide.com\/es\/wp-json\/wp\/v2\/media?parent=361"}],"curies":[{"name":"wp","href":"https:\/\/api.w.org\/{rel}","templated":true}]}}