{"id":355,"date":"2021-02-02T00:21:24","date_gmt":"2021-02-02T00:21:24","guid":{"rendered":"https:\/\/my-barcelona-guide.com\/?page_id=355"},"modified":"2025-09-02T23:57:35","modified_gmt":"2025-09-02T23:57:35","slug":"355-2","status":"publish","type":"page","link":"https:\/\/my-barcelona-guide.com\/fr","title":{"rendered":"Guide de Barcelone"},"content":{"rendered":"\n<h2 class=\"wp-block-heading\">Natalia Usacheva<\/h2>\n\n\n<div class=\"wp-block-image\">\n<figure class=\"alignleft size-large\"><img loading=\"lazy\" decoding=\"async\" width=\"567\" height=\"379\" src=\"http:\/\/my-barcelona-guide.com\/wp-content\/uploads\/2021\/01\/Natalia-Usacheva-01.jpg\" alt=\"\u0413\u0438\u0434 \u0432 \u0411\u0430\u0440\u0441\u0435\u043b\u043e\u043d\u0435 - \u041d\u0430\u0442\u0430\u043b\u044c\u044f \u0423\u0441\u0430\u0447\u0451\u0432\u0430\" class=\"wp-image-281\" srcset=\"https:\/\/my-barcelona-guide.com\/wp-content\/uploads\/2021\/01\/Natalia-Usacheva-01.jpg 567w, https:\/\/my-barcelona-guide.com\/wp-content\/uploads\/2021\/01\/Natalia-Usacheva-01-300x201.jpg 300w\" sizes=\"auto, (max-width: 567px) 100vw, 567px\" \/><\/figure>\n<\/div>\n\n\n<p>Vous voulez visiter Barcelone et faire connaissance avec la Catalogne, l\u2019une des plus belles et int\u00e9ressantes r\u00e9gions de l&rsquo; Espagne? Vous avez besoin des services d\u2019un guide professionnel \u00e0 Barcelone et en Catalogne ou des services d&rsquo;un interpr\u00e8te?<\/p>\n\n\n\n<p>Je me ferai un plaisir de vous faire d\u00e9couvrir la magnifique ville de Barcelone, ses hauts lieux, ses secrets, sa culture et ses coutumes.<\/p>\n\n\n\n<p>Barcelone est la capitale de la Catalogne, cette r\u00e9gion singuli\u00e8re au sein de l\u2019Espagne. Sans \u00eatre la capitale du pays, Barcelone en est sans conteste l\u2019\u00e2me artistique et cosmopolite. La ville attire chaque ann\u00e9e des millions de visiteurs, fascin\u00e9s par sa richesse culturelle, son architecture hors norme et son atmosph\u00e8re vibrante. Ici, tout semble diff\u00e9rent : une culture propre, une langue \u2014 le catalan \u2014 qui m\u00eale des sonorit\u00e9s \u00e0 la fois espagnoles et fran\u00e7aises, et un esprit unique. Sans doute son esprit profond\u00e9ment cr\u00e9atif, parfois d\u00e9cal\u00e9, o\u00f9 la rigueur et l`excentricit\u00e9 cohabitent, donnent naissance \u00e0 des \u0153uvres d\u2019une originalit\u00e9 rare.<\/p>\n\n\n\n<p>Pas besoin d\u2019aller bien loin pour en trouver des exemples. Antoni Gaud\u00ed, l\u2019architecte visionnaire dont le g\u00e9nie, presque mystique, a donn\u00e9 naissance \u00e0 l\u2019embl\u00e9matique \u00e9glise Sagrada Fam\u00edlia, transformant Barcelone en lieu de p\u00e8lerinage artistique. Ou Salvador Dal\u00ed, enfant du pays, figure mondiale de l\u2019art surr\u00e9aliste et inventeur de la m\u00e9thode parano\u00efaque-critique, qui a boulevers\u00e9 l\u2019histoire de la peinture. Et Joan Mir\u00f3, bien s\u00fbr, dont l\u2019univers pictural \u2014 \u00e0 la fois simple, na\u00eff en apparence, mais profond\u00e9ment singulier \u2014 reste inimitable, reconnaissable entre mille.<\/p>\n\n\n\n<p>Aujourd\u2019hui, Barcelone s\u2019impose comme une r\u00e9f\u00e9rence culturelle europ\u00e9enne. Entre mer et montagne, entre les traditions catalanes et des influences internationales, elle s\u00e9duit autant les amateurs d\u2019art que les passionn\u00e9s de gastronomie et de viticulture, d\u2019histoire o\u00f9 de farniente.<\/p>\n\n\n\n<p>Outre <a href=\"https:\/\/my-barcelona-guide.com\/fr\/barcelona\" title=\"L'excursions - Barcelone\">Barcelone<\/a>, vous pourrez aussi visiter Montserrat; les villes de Girone et Tarragone; le mus\u00e9e de Salvador Dal\u00ed \u00e0 Figueras; le ch\u00e2teau de Gala, la femme de Dal\u00ed, \u00e0 Poubol; la maison de Dal\u00ed \u00e0 Port Llegat et bien d\u2019autres sites et paysages superbes de la Costa Brava.<\/p>\n\n\n\n<p>J&rsquo; organise des visites des hauts-lieux de la viticulture catalane, aussi bien que des routes gastronomiques.<\/p>\n\n\n\n<p>Je suis passionn\u00e9e d\u2019architecture, d\u2019art et d\u2019histoire. Toute l\u2019histoire de la <a href=\"https:\/\/fr.wikipedia.org\/wiki\/Catalogne\">Catalogne<\/a> transpara\u00eet dans ses superbes monuments, ses oeuvres d\u2019art, ses traditions et sa culture populaire. Il y a tellement des f\u00eates insolites, des spectacles de th\u00e9\u00e2tre, des festivals et toute sorte des concours! On ne se fatigue pas d\u2019admirer ses paysages \u2013 cette joyeuse rencontre du soleil, de la mer et des montagnes, du vert \u00e9meraude des pin\u00e8des et de l\u2019azur des flots!<\/p>\n\n\n\n<p>J\u2019aime beaucoup ma profession, qui me donne l\u2019occasion de rencontrer des gens de diff\u00e9rents pays du monde, parlant diff\u00e9rentes langues.. En vous proposant mes services de guide professionnelle agr\u00e9\u00e9e pour la ville de Barcelone et la Catalogne, je ferai tout mon possible rendre votre s\u00e9jour int\u00e9ressant. En plus de la licence de guide et de mes connaissances, c`est mon exp\u00e9rience et l\u2019intuition\u00a0 qui m`aident \u00e0 comprendre la psychologie des gens et leurs attentes culturelles. De plus, je suis moi-m\u00eame passionn\u00e9e de voyages! Cela me permet d`\u00e9tablir un bon contact avec les gens pendant le tour. Organiser et rendre une visite int\u00e9ressante,\u00e9laborer des programmes de visites \u00e0 la carte, selon les demandes du client \u2013 c\u2019est aussi de l\u2019art!<\/p>\n\n\n\n<h4 class=\"wp-block-heading\">Guide touristique professionnel agr\u00e9\u00e9 pour la ville de Barcelone et la Catalogne<\/h4>\n\n\n\n<p>Riche d\u2019une grande exp\u00e9rience professionnelle de guide agr\u00e9\u00e9e pour la ville de Barcelone ( et pas seulement de Barcelone) et de l&rsquo; interpr\u00e8te , je collabore comme guide ind\u00e9pendante avec plusieurs agences de Barcelone et de l&rsquo; Espagne. Je propose des visites aux particuliers en langues russe, fran\u00e7aise et espagnole. J\u2019\u00e9labore des programmes de visites selon les demandes du client .<\/p>\n","protected":false},"excerpt":{"rendered":"<p>Natalia Usacheva Vous voulez visiter Barcelone et faire connaissance avec la Catalogne, l\u2019une des plus belles et int\u00e9ressantes r\u00e9gions de l&rsquo; Espagne? Vous avez besoin des services d\u2019un guide professionnel &#8230;<\/p>\n","protected":false},"author":2,"featured_media":281,"parent":0,"menu_order":0,"comment_status":"closed","ping_status":"closed","template":"template-fullwidth.php","meta":{"footnotes":""},"class_list":["post-355","page","type-page","status-publish","has-post-thumbnail","hentry"],"aioseo_notices":[],"featured_image_urls_v2":{"full":["https:\/\/my-barcelona-guide.com\/wp-content\/uploads\/2021\/01\/Natalia-Usacheva-01.jpg",567,379,false],"thumbnail":["https:\/\/my-barcelona-guide.com\/wp-content\/uploads\/2021\/01\/Natalia-Usacheva-01-150x150.jpg",150,150,true],"medium":["https:\/\/my-barcelona-guide.com\/wp-content\/uploads\/2021\/01\/Natalia-Usacheva-01-300x201.jpg",300,201,true],"medium_large":["https:\/\/my-barcelona-guide.com\/wp-content\/uploads\/2021\/01\/Natalia-Usacheva-01.jpg",567,379,false],"large":["https:\/\/my-barcelona-guide.com\/wp-content\/uploads\/2021\/01\/Natalia-Usacheva-01.jpg",567,379,false],"gs-tiny":["https:\/\/my-barcelona-guide.com\/wp-content\/uploads\/2021\/01\/Natalia-Usacheva-01.jpg",50,33,false],"xl":["https:\/\/my-barcelona-guide.com\/wp-content\/uploads\/2021\/01\/Natalia-Usacheva-01.jpg",567,379,false],"xxl":["https:\/\/my-barcelona-guide.com\/wp-content\/uploads\/2021\/01\/Natalia-Usacheva-01.jpg",567,379,false],"xxxl":["https:\/\/my-barcelona-guide.com\/wp-content\/uploads\/2021\/01\/Natalia-Usacheva-01.jpg",567,379,false],"xxxxl":["https:\/\/my-barcelona-guide.com\/wp-content\/uploads\/2021\/01\/Natalia-Usacheva-01.jpg",567,379,false],"xxxxxl":["https:\/\/my-barcelona-guide.com\/wp-content\/uploads\/2021\/01\/Natalia-Usacheva-01.jpg",567,379,false],"1536x1536":["https:\/\/my-barcelona-guide.com\/wp-content\/uploads\/2021\/01\/Natalia-Usacheva-01.jpg",567,379,false],"2048x2048":["https:\/\/my-barcelona-guide.com\/wp-content\/uploads\/2021\/01\/Natalia-Usacheva-01.jpg",567,379,false],"onepress-blog-small":["https:\/\/my-barcelona-guide.com\/wp-content\/uploads\/2021\/01\/Natalia-Usacheva-01-300x150.jpg",300,150,true],"onepress-small":["https:\/\/my-barcelona-guide.com\/wp-content\/uploads\/2021\/01\/Natalia-Usacheva-01-480x300.jpg",480,300,true],"onepress-medium":["https:\/\/my-barcelona-guide.com\/wp-content\/uploads\/2021\/01\/Natalia-Usacheva-01.jpg",567,379,false]},"post_excerpt_stackable_v2":"<p>Natalia Usacheva Vous voulez visiter Barcelone et faire connaissance avec la Catalogne, l\u2019une des plus belles et int\u00e9ressantes r\u00e9gions de l&rsquo; Espagne? Vous avez besoin des services d\u2019un guide professionnel \u00e0 Barcelone et en Catalogne ou des services d&rsquo;un interpr\u00e8te? Je me ferai un plaisir de vous faire d\u00e9couvrir la magnifique ville de Barcelone, ses hauts lieux, ses secrets, sa culture et ses coutumes. Barcelone est la capitale de la Catalogne, cette r\u00e9gion singuli\u00e8re au sein de l\u2019Espagne. Sans \u00eatre la capitale du pays, Barcelone en est sans conteste l\u2019\u00e2me artistique et cosmopolite. La ville attire chaque ann\u00e9e des millions\u2026<\/p>\n","category_list_v2":"","author_info_v2":{"name":"Natalia Usacheva","url":"https:\/\/my-barcelona-guide.com\/fr\/author\/natalia-usacheva"},"comments_num_v2":"0 commentaire","_links":{"self":[{"href":"https:\/\/my-barcelona-guide.com\/fr\/wp-json\/wp\/v2\/pages\/355","targetHints":{"allow":["GET"]}}],"collection":[{"href":"https:\/\/my-barcelona-guide.com\/fr\/wp-json\/wp\/v2\/pages"}],"about":[{"href":"https:\/\/my-barcelona-guide.com\/fr\/wp-json\/wp\/v2\/types\/page"}],"author":[{"embeddable":true,"href":"https:\/\/my-barcelona-guide.com\/fr\/wp-json\/wp\/v2\/users\/2"}],"replies":[{"embeddable":true,"href":"https:\/\/my-barcelona-guide.com\/fr\/wp-json\/wp\/v2\/comments?post=355"}],"version-history":[{"count":3,"href":"https:\/\/my-barcelona-guide.com\/fr\/wp-json\/wp\/v2\/pages\/355\/revisions"}],"predecessor-version":[{"id":1675,"href":"https:\/\/my-barcelona-guide.com\/fr\/wp-json\/wp\/v2\/pages\/355\/revisions\/1675"}],"wp:featuredmedia":[{"embeddable":true,"href":"https:\/\/my-barcelona-guide.com\/fr\/wp-json\/wp\/v2\/media\/281"}],"wp:attachment":[{"href":"https:\/\/my-barcelona-guide.com\/fr\/wp-json\/wp\/v2\/media?parent=355"}],"curies":[{"name":"wp","href":"https:\/\/api.w.org\/{rel}","templated":true}]}}