{"id":359,"date":"2021-02-02T00:25:04","date_gmt":"2021-02-02T00:25:04","guid":{"rendered":"https:\/\/my-barcelona-guide.com\/?page_id=359"},"modified":"2025-09-02T22:51:57","modified_gmt":"2025-09-02T22:51:57","slug":"a-votre-demande","status":"publish","type":"page","link":"https:\/\/my-barcelona-guide.com\/fr\/a-votre-demande","title":{"rendered":"\u00c0 votre demande"},"content":{"rendered":"\n<h1 class=\"wp-block-heading\">\u00c0 votre demande<\/h1>\n\n\n\n<h3 class=\"wp-block-heading\">Des excursions \u00e0 la carte \u00e0 votre choix &#8211; certaines propositions :<\/h3>\n\n\n\n<p>Des excursions \u00e0 la carte peuvent \u00eatre organis\u00e9es \u00e0 votre demande.<br>Des formules insolites : vol en montgolfi\u00e8re, promenade ou voyage en voilier, vol en h\u00e9licopt\u00e8re.<br>Excursions d\u2019une journ\u00e9e dans le sud de la France : <a href=\"https:\/\/fr.wikipedia.org\/wiki\/Perpignan\">Perpignan<\/a>, Collioure, Narbonne, Carcassonne, visite de parcs \u00e0 hu\u00eetres.<br>Tourisme et sant\u00e9. Organisation de consultations, d\u2019examens et de check-ups dans les meilleures cliniques de <a href=\"https:\/\/my-barcelona-guide.com\/fr\" title=\"Natalia Usacheva\">Barcelone<\/a> , ainsi que dans des centres d\u2019esth\u00e9tique et des stations thermales.<br>Interpr\u00e9tation de contact en n\u00e9gociations et r\u00e9unions d\u2019affaires.<br>Conseils et assistance pour l\u2019achat de propri\u00e9t\u00e9s immobili\u00e8res en Espagne.<br>Accueil \u00e0 l\u2019a\u00e9roport.<\/p>\n\n\n\n<div class=\"wp-block-image\"><figure class=\"aligncenter size-large\"><img loading=\"lazy\" decoding=\"async\" width=\"1024\" height=\"768\" src=\"http:\/\/my-barcelona-guide.com\/wp-content\/uploads\/2021\/01\/a-la-carte-1024x768.jpg\" alt=\"\u0412\u044b\u0445\u043e\u0434 \u043d\u0430 \u044f\u0445\u0442\u0430\u0445 \u043f\u043e \u0432\u0430\u0448\u0435\u043c\u0443 \u0436\u0435\u043b\u0430\u043d\u0438\u044e\" class=\"wp-image-127\" srcset=\"https:\/\/my-barcelona-guide.com\/wp-content\/uploads\/2021\/01\/a-la-carte-1024x768.jpg 1024w, https:\/\/my-barcelona-guide.com\/wp-content\/uploads\/2021\/01\/a-la-carte-300x225.jpg 300w, https:\/\/my-barcelona-guide.com\/wp-content\/uploads\/2021\/01\/a-la-carte-768x576.jpg 768w, https:\/\/my-barcelona-guide.com\/wp-content\/uploads\/2021\/01\/a-la-carte-1536x1152.jpg 1536w, https:\/\/my-barcelona-guide.com\/wp-content\/uploads\/2021\/01\/a-la-carte-2048x1536.jpg 2048w\" sizes=\"auto, (max-width: 1024px) 100vw, 1024px\" \/><\/figure><\/div>\n","protected":false},"excerpt":{"rendered":"<p>\u00c0 votre demande Des excursions \u00e0 la carte \u00e0 votre choix &#8211; certaines propositions : Des excursions \u00e0 la carte peuvent \u00eatre organis\u00e9es \u00e0 votre demande.Des formules insolites : vol &#8230;<\/p>\n","protected":false},"author":2,"featured_media":0,"parent":0,"menu_order":0,"comment_status":"closed","ping_status":"closed","template":"","meta":{"footnotes":""},"class_list":["post-359","page","type-page","status-publish","hentry"],"aioseo_notices":[],"featured_image_urls_v2":{"full":"","thumbnail":"","medium":"","medium_large":"","large":"","gs-tiny":"","xl":"","xxl":"","xxxl":"","xxxxl":"","xxxxxl":"","1536x1536":"","2048x2048":"","onepress-blog-small":"","onepress-small":"","onepress-medium":""},"post_excerpt_stackable_v2":"<p>\u00c0 votre demande Des excursions \u00e0 la carte \u00e0 votre choix &#8211; certaines propositions : Des excursions \u00e0 la carte peuvent \u00eatre organis\u00e9es \u00e0 votre demande.Des formules insolites : vol en montgolfi\u00e8re, promenade ou voyage en voilier, vol en h\u00e9licopt\u00e8re.Excursions d\u2019une journ\u00e9e dans le sud de la France : Perpignan, Collioure, Narbonne, Carcassonne, visite de parcs \u00e0 hu\u00eetres.Tourisme et sant\u00e9. Organisation de consultations, d\u2019examens et de check-ups dans les meilleures cliniques de Barcelone , ainsi que dans des centres d\u2019esth\u00e9tique et des stations thermales.Interpr\u00e9tation de contact en n\u00e9gociations et r\u00e9unions d\u2019affaires.Conseils et assistance pour l\u2019achat de propri\u00e9t\u00e9s immobili\u00e8res en Espagne.Accueil\u2026<\/p>\n","category_list_v2":"","author_info_v2":{"name":"Natalia Usacheva","url":"https:\/\/my-barcelona-guide.com\/fr\/author\/natalia-usacheva"},"comments_num_v2":"0 commentaire","_links":{"self":[{"href":"https:\/\/my-barcelona-guide.com\/fr\/wp-json\/wp\/v2\/pages\/359","targetHints":{"allow":["GET"]}}],"collection":[{"href":"https:\/\/my-barcelona-guide.com\/fr\/wp-json\/wp\/v2\/pages"}],"about":[{"href":"https:\/\/my-barcelona-guide.com\/fr\/wp-json\/wp\/v2\/types\/page"}],"author":[{"embeddable":true,"href":"https:\/\/my-barcelona-guide.com\/fr\/wp-json\/wp\/v2\/users\/2"}],"replies":[{"embeddable":true,"href":"https:\/\/my-barcelona-guide.com\/fr\/wp-json\/wp\/v2\/comments?post=359"}],"version-history":[{"count":1,"href":"https:\/\/my-barcelona-guide.com\/fr\/wp-json\/wp\/v2\/pages\/359\/revisions"}],"predecessor-version":[{"id":768,"href":"https:\/\/my-barcelona-guide.com\/fr\/wp-json\/wp\/v2\/pages\/359\/revisions\/768"}],"wp:attachment":[{"href":"https:\/\/my-barcelona-guide.com\/fr\/wp-json\/wp\/v2\/media?parent=359"}],"curies":[{"name":"wp","href":"https:\/\/api.w.org\/{rel}","templated":true}]}}